{"id":5942,"date":"2022-06-10T15:07:57","date_gmt":"2022-06-10T15:07:57","guid":{"rendered":"https:\/\/staging-arc.liquid-themes.com\/construction-two\/?page_id=5942"},"modified":"2026-04-03T08:37:58","modified_gmt":"2026-04-03T08:37:58","slug":"news","status":"publish","type":"page","link":"https:\/\/senmermer.com.tr\/en\/news\/","title":{"rendered":"News"},"content":{"rendered":"<div data-elementor-type=\"wp-page\" data-elementor-id=\"5942\" class=\"elementor elementor-5942\">\n\t\t\t\t\t\t<section class=\"elementor-section elementor-top-section elementor-element elementor-element-778b2058 elementor-section-boxed elementor-section-height-default elementor-section-height-default\" data-id=\"778b2058\" data-element_type=\"section\" data-e-type=\"section\">\n\t\t\t\t\t\t<div class=\"elementor-container elementor-column-gap-default\">\n\t\t\t\t\t<div class=\"elementor-column elementor-col-100 elementor-top-column elementor-element elementor-element-33ce01d6\" data-id=\"33ce01d6\" data-element_type=\"column\" data-e-type=\"column\">\n\t\t\t<div class=\"elementor-widget-wrap elementor-element-populated\">\n\t\t\t\t\t\t<div class=\"elementor-element elementor-element-61421750 elementor-widget elementor-widget-ld_blog\" data-id=\"61421750\" data-element_type=\"widget\" data-e-type=\"widget\" data-widget_type=\"ld_blog.default\">\n\t\t\t\t<div class=\"elementor-widget-container\">\n\t\t\t\t\t<div class=\"lqd-lp-grid 61421750 blog-id-1631721296\"><div class=\"lqd-lp-row d-flex flex-wrap row pos-rel\" ><div class=\"lqd-lp-column d-flex flex-column col-md-6 col-sm-6 haberler\"><article id=\"post-6512\" class=\"lqd-lp pos-rel lqd-lp-style-2 text-start post-6512 post type-post status-publish format-standard has-post-thumbnail hentry category-haberler\"><div class=\"lqd-lp-img mb-5\"><figure class=\"pos-rel overflow-hidden border-radius-6\"><img fetchpriority=\"high\" decoding=\"async\" width=\"700\" height=\"450\" src=\"https:\/\/senmermer.com.tr\/wp-content\/uploads\/2026\/04\/hasdal-kati-atik-aktarma-istasyonu-acildi_133102274905942232-700x450.jpg\" class=\"w-100 wp-post-image\" alt=\"\" \/><div class=\"lqd-overlay d-flex align-items-center justify-content-center\">\n\t\t\t<div class=\"lqd-overlay lqd-overlay-bg\"><\/div>\n\t\t\t<i class=\"lqd-icn-ess icon-md-arrow-forward\"><\/i>\n\t\t<\/div><\/figure><\/div><header class=\"lqd-lp-header\">\n\t<div class=\"lqd-lp-meta lqd-lp-meta-dot-between d-flex flex-wrap align-items-center font-weight-bold text-uppercase ltr-sp-1\">\n\t\t<span class=\"screen-reader-text\">Tags <\/span><ul class=\"lqd-lp-cat reset-ul inline-nav pos-rel z-index-3\"><li><a href=\"https:\/\/senmermer.com.tr\/en\/category\/news\/\" rel=\"category\">News<\/a><\/li><\/ul>\t\t<time class=\"lqd-lp-date\" datetime=\"2026-04-02T14:33:53+00:00\">3 days ago<\/time>\t<\/div>\n\t<h2 class=\"entry-title lqd-lp-title h5 mt-3 mb-0\"><a  href=\"https:\/\/senmermer.com.tr\/en\/hasdal-solid-waste-transfer-center-opened\/\" rel=\"bookmark\">Hasdal Solid Waste Transfer Center Opened<\/a><\/h2><\/header>\n<a  href=\"https:\/\/senmermer.com.tr\/en\/hasdal-solid-waste-transfer-center-opened\/\" class=\"lqd-lp-overlay-link lqd-overlay z-index-2\"><\/a>\n<\/article><\/div><div class=\"lqd-lp-column d-flex flex-column col-md-6 col-sm-6 haberler\"><article id=\"post-6502\" class=\"lqd-lp pos-rel lqd-lp-style-2 text-start post-6502 post type-post status-publish format-standard has-post-thumbnail hentry category-haberler\"><div class=\"lqd-lp-img mb-5\"><figure class=\"pos-rel overflow-hidden border-radius-6\"><img decoding=\"async\" width=\"700\" height=\"450\" src=\"data:image\/svg+xml;charset=utf-8,%3Csvg xmlns%3D&#039;http%3A%2F%2Fwww.w3.org%2F2000%2Fsvg&#039; viewBox%3D&#039;0 0 700 450&#039;%2F%3E\" class=\"w-100 ld-lazyload wp-post-image\" alt=\"\" data-src=\"https:\/\/senmermer.com.tr\/wp-content\/uploads\/2026\/04\/26122025-adalet-sarayi-temel-atma-2-700x450.jpg\" data-srcset=\"https:\/\/senmermer.com.tr\/wp-content\/uploads\/2026\/04\/26122025-adalet-sarayi-temel-atma-2-700x450.jpg 700w, https:\/\/senmermer.com.tr\/wp-content\/uploads\/2026\/04\/26122025-adalet-sarayi-temel-atma-2-18x12.jpg 18w\" data-sizes=\"(max-width: 700px) 100vw, 700px\" data-aspect=\"1.5555555555556\" \/><div class=\"lqd-overlay d-flex align-items-center justify-content-center\">\n\t\t\t<div class=\"lqd-overlay lqd-overlay-bg\"><\/div>\n\t\t\t<i class=\"lqd-icn-ess icon-md-arrow-forward\"><\/i>\n\t\t<\/div><\/figure><\/div><header class=\"lqd-lp-header\">\n\t<div class=\"lqd-lp-meta lqd-lp-meta-dot-between d-flex flex-wrap align-items-center font-weight-bold text-uppercase ltr-sp-1\">\n\t\t<span class=\"screen-reader-text\">Tags <\/span><ul class=\"lqd-lp-cat reset-ul inline-nav pos-rel z-index-3\"><li><a href=\"https:\/\/senmermer.com.tr\/en\/category\/news\/\" rel=\"category\">News<\/a><\/li><\/ul>\t\t<time class=\"lqd-lp-date\" datetime=\"2026-04-02T14:32:21+00:00\">3 days ago<\/time>\t<\/div>\n\t<h2 class=\"entry-title lqd-lp-title h5 mt-3 mb-0\"><a  href=\"https:\/\/senmermer.com.tr\/en\/groundbreaking-ceremony-for-karabuk-justice-palace-held\/\" rel=\"bookmark\">Karab\u00fck Palace of Justice Groundbreaking Ceremony was Held<\/a><\/h2><\/header>\n<a  href=\"https:\/\/senmermer.com.tr\/en\/groundbreaking-ceremony-for-karabuk-justice-palace-held\/\" class=\"lqd-lp-overlay-link lqd-overlay z-index-2\"><\/a>\n<\/article><\/div><div class=\"lqd-lp-column d-flex flex-column col-md-6 col-sm-6 haberler\"><article id=\"post-6499\" class=\"lqd-lp pos-rel lqd-lp-style-2 text-start post-6499 post type-post status-publish format-standard has-post-thumbnail hentry category-haberler\"><div class=\"lqd-lp-img mb-5\"><figure class=\"pos-rel overflow-hidden border-radius-6\"><img decoding=\"async\" width=\"700\" height=\"450\" src=\"data:image\/svg+xml;charset=utf-8,%3Csvg xmlns%3D&#039;http%3A%2F%2Fwww.w3.org%2F2000%2Fsvg&#039; viewBox%3D&#039;0 0 700 450&#039;%2F%3E\" class=\"w-100 ld-lazyload wp-post-image\" alt=\"\" data-src=\"https:\/\/senmermer.com.tr\/wp-content\/uploads\/2026\/04\/nigde-yenilenen-stadyumuna-kavusuyor-18731626_amp-700x450.webp\" data-aspect=\"1.5555555555556\" \/><div class=\"lqd-overlay d-flex align-items-center justify-content-center\">\n\t\t\t<div class=\"lqd-overlay lqd-overlay-bg\"><\/div>\n\t\t\t<i class=\"lqd-icn-ess icon-md-arrow-forward\"><\/i>\n\t\t<\/div><\/figure><\/div><header class=\"lqd-lp-header\">\n\t<div class=\"lqd-lp-meta lqd-lp-meta-dot-between d-flex flex-wrap align-items-center font-weight-bold text-uppercase ltr-sp-1\">\n\t\t<span class=\"screen-reader-text\">Tags <\/span><ul class=\"lqd-lp-cat reset-ul inline-nav pos-rel z-index-3\"><li><a href=\"https:\/\/senmermer.com.tr\/en\/category\/news\/\" rel=\"category\">News<\/a><\/li><\/ul>\t\t<time class=\"lqd-lp-date\" datetime=\"2026-04-02T14:30:31+00:00\">3 days ago<\/time>\t<\/div>\n\t<h2 class=\"entry-title lqd-lp-title h5 mt-3 mb-0\"><a  href=\"https:\/\/senmermer.com.tr\/en\/modern-stadium-opens-in-nigdede\/\" rel=\"bookmark\">Modern Stadium Opens in Ni\u011fde<\/a><\/h2><\/header>\n<a  href=\"https:\/\/senmermer.com.tr\/en\/modern-stadium-opens-in-nigdede\/\" class=\"lqd-lp-overlay-link lqd-overlay z-index-2\"><\/a>\n<\/article><\/div><div class=\"lqd-lp-column d-flex flex-column col-md-6 col-sm-6 haberler\"><article id=\"post-6488\" class=\"lqd-lp pos-rel lqd-lp-style-2 text-start post-6488 post type-post status-publish format-standard has-post-thumbnail hentry category-haberler\"><div class=\"lqd-lp-img mb-5\"><figure class=\"pos-rel overflow-hidden border-radius-6\"><img loading=\"lazy\" decoding=\"async\" width=\"700\" height=\"450\" src=\"data:image\/svg+xml;charset=utf-8,%3Csvg xmlns%3D&#039;http%3A%2F%2Fwww.w3.org%2F2000%2Fsvg&#039; viewBox%3D&#039;0 0 700 450&#039;%2F%3E\" class=\"w-100 ld-lazyload wp-post-image\" alt=\"\" data-src=\"https:\/\/senmermer.com.tr\/wp-content\/uploads\/2026\/04\/387eb5ff-ebe5-4d4c-851d-8c1ad78924a9-700x450.jpg\" data-srcset=\"https:\/\/senmermer.com.tr\/wp-content\/uploads\/2026\/04\/387eb5ff-ebe5-4d4c-851d-8c1ad78924a9-700x450.jpg 700w, https:\/\/senmermer.com.tr\/wp-content\/uploads\/2026\/04\/387eb5ff-ebe5-4d4c-851d-8c1ad78924a9-18x12.jpg 18w\" data-sizes=\"(max-width: 700px) 100vw, 700px\" data-aspect=\"1.5555555555556\" \/><div class=\"lqd-overlay d-flex align-items-center justify-content-center\">\n\t\t\t<div class=\"lqd-overlay lqd-overlay-bg\"><\/div>\n\t\t\t<i class=\"lqd-icn-ess icon-md-arrow-forward\"><\/i>\n\t\t<\/div><\/figure><\/div><header class=\"lqd-lp-header\">\n\t<div class=\"lqd-lp-meta lqd-lp-meta-dot-between d-flex flex-wrap align-items-center font-weight-bold text-uppercase ltr-sp-1\">\n\t\t<span class=\"screen-reader-text\">Tags <\/span><ul class=\"lqd-lp-cat reset-ul inline-nav pos-rel z-index-3\"><li><a href=\"https:\/\/senmermer.com.tr\/en\/category\/news\/\" rel=\"category\">News<\/a><\/li><\/ul>\t\t<time class=\"lqd-lp-date\" datetime=\"2026-04-02T14:29:21+00:00\">3 days ago<\/time>\t<\/div>\n\t<h2 class=\"entry-title lqd-lp-title h5 mt-3 mb-0\"><a  href=\"https:\/\/senmermer.com.tr\/en\/minister-dr-osman-askin-bak-inaugurated-yozgat-stadium\/\" rel=\"bookmark\">Minister Dr. Osman A\u015fk\u0131n Bak inaugurated Yozgat Stadium<\/a><\/h2><\/header>\n<a  href=\"https:\/\/senmermer.com.tr\/en\/minister-dr-osman-askin-bak-inaugurated-yozgat-stadium\/\" class=\"lqd-lp-overlay-link lqd-overlay z-index-2\"><\/a>\n<\/article><\/div><\/div><!--\/ .row --><\/div><!--\/ .lqd-lp-grid -->\t\t\t\t<\/div>\n\t\t\t\t<\/div>\n\t\t\t\t\t<\/div>\n\t\t<\/div>\n\t\t\t\t\t<\/div>\n\t\t<\/section>\n\t\t\t\t<\/div>","protected":false},"excerpt":{"rendered":"<p>Tags Haberler 28 dakika ago Hasdal Kat\u0131 At\u0131k Aktarma Merkezi A\u00e7\u0131ld\u0131 Tags Haberler 30 dakika ago Karab\u00fck Adalet Saray\u0131 Temel Atma T\u00f6reni Ger\u00e7ekle\u015ftirildi Tags Haberler 32 dakika ago Ni\u011fde&#8217;de Modern Stadyum A\u00e7\u0131l\u0131yor Tags Haberler 33 dakika ago Bakan Dr. Osman A\u015fk\u0131n Bak, Yozgat Stadyumu&#8217;nun A\u00e7\u0131l\u0131\u015f\u0131n\u0131 Yapt\u0131<\/p>","protected":false},"author":1,"featured_media":0,"parent":0,"menu_order":0,"comment_status":"closed","ping_status":"closed","template":"","meta":{"footnotes":""},"class_list":["post-5942","page","type-page","status-publish","hentry"],"_links":{"self":[{"href":"https:\/\/senmermer.com.tr\/en\/wp-json\/wp\/v2\/pages\/5942","targetHints":{"allow":["GET"]}}],"collection":[{"href":"https:\/\/senmermer.com.tr\/en\/wp-json\/wp\/v2\/pages"}],"about":[{"href":"https:\/\/senmermer.com.tr\/en\/wp-json\/wp\/v2\/types\/page"}],"author":[{"embeddable":true,"href":"https:\/\/senmermer.com.tr\/en\/wp-json\/wp\/v2\/users\/1"}],"replies":[{"embeddable":true,"href":"https:\/\/senmermer.com.tr\/en\/wp-json\/wp\/v2\/comments?post=5942"}],"version-history":[{"count":4,"href":"https:\/\/senmermer.com.tr\/en\/wp-json\/wp\/v2\/pages\/5942\/revisions"}],"predecessor-version":[{"id":6564,"href":"https:\/\/senmermer.com.tr\/en\/wp-json\/wp\/v2\/pages\/5942\/revisions\/6564"}],"wp:attachment":[{"href":"https:\/\/senmermer.com.tr\/en\/wp-json\/wp\/v2\/media?parent=5942"}],"curies":[{"name":"wp","href":"https:\/\/api.w.org\/{rel}","templated":true}]}}