{"id":6159,"date":"2025-04-09T10:29:45","date_gmt":"2025-04-09T10:29:45","guid":{"rendered":"https:\/\/senmermer.com.tr\/?page_id=6159"},"modified":"2026-04-03T08:36:49","modified_gmt":"2026-04-03T08:36:49","slug":"construction-contracting-services","status":"publish","type":"page","link":"https:\/\/senmermer.com.tr\/en\/construction-contracting-services\/","title":{"rendered":"Construction &amp; Contracting Services"},"content":{"rendered":"\t\t<div data-elementor-type=\"wp-page\" data-elementor-id=\"6159\" class=\"elementor elementor-6159\">\n\t\t\t\t\t\t<section class=\"elementor-section elementor-top-section elementor-element elementor-element-7b144e6 elementor-reverse-tablet elementor-reverse-mobile elementor-section-boxed elementor-section-height-default elementor-section-height-default\" data-id=\"7b144e6\" data-element_type=\"section\" data-e-type=\"section\" data-settings=\"{&quot;background_background&quot;:&quot;classic&quot;}\">\n\t\t\t\t\t\t<div class=\"elementor-container elementor-column-gap-default\">\n\t\t\t\t\t<div data-custom-animations=\"true\" data-ca-options=\"{&quot;addChildTimelines&quot;:false,&quot;animationTarget&quot;:&quot;:scope &gt; .elementor-widget-wrap &gt; .elementor-element &gt; .elementor-widget-container, :scope &gt; .elementor-widget-wrap &gt; .elementor-section &gt; .elementor-container &gt; .elementor-column &gt; .elementor-widget-wrap &gt; .elementor-element:not(.lqd-el-has-inner-anim) &gt; .elementor-widget-container, :scope &gt; .elementor-widget-wrap &gt; .elementor-widget-hub_fancy_heading .lqd-split-lines .lqd-lines .split-inner, :scope &gt; .elementor-widget-wrap &gt; .elementor-widget-hub_fancy_heading .lqd-split-words .lqd-words .split-inner, :scope &gt; .elementor-widget-wrap &gt; .elementor-widget-hub_fancy_heading .lqd-split-chars .lqd-chars .split-inner, :scope &gt; .elementor-widget-wrap &gt; .elementor-widget-ld_custom_menu .lqd-fancy-menu &gt; ul &gt; li&quot;,&quot;ease&quot;:[&quot;power4.out&quot;],&quot;initValues&quot;:{&quot;y&quot;:&quot;30px&quot;,&quot;rotationY&quot;:10,&quot;opacity&quot;:0},&quot;animations&quot;:{&quot;y&quot;:&quot;0px&quot;,&quot;rotationY&quot;:0,&quot;opacity&quot;:1}}\" class=\"elementor-column elementor-col-50 elementor-top-column elementor-element elementor-element-3c09963\" data-id=\"3c09963\" data-element_type=\"column\" data-e-type=\"column\">\n\t\t\t<div class=\"elementor-widget-wrap elementor-element-populated\">\n\t\t\t\t\t\t<div class=\"elementor-element elementor-element-c22c2d8 elementor-widget elementor-widget-hub_fancy_heading\" data-id=\"c22c2d8\" data-element_type=\"widget\" data-e-type=\"widget\" data-widget_type=\"hub_fancy_heading.default\">\n\t\t\t\t<div class=\"elementor-widget-container\">\n\t\t\t\t\t\n\t\t<div id=\"ld-fancy-heading-69d2d1e3a46a0\" class=\"ld-fancy-heading pos-rel\">\n\t\t\t<h2 class=\"ld-fh-element d-inline-block pos-rel  elementor-heading-title lqd-highlight-classic lqd-highlight-grow-left lqd-highlight-reset-onhover h2\"  > Kamu Projelerinde G\u00fc\u00e7l\u00fc Referanslar, Kal\u0131c\u0131 \u00c7\u00f6z\u00fcmler\n<\/h2>\t\t<\/div>\n\n\t\t\t\t\t\t<\/div>\n\t\t\t\t<\/div>\n\t\t\t\t<div class=\"elementor-element elementor-element-348ef59 elementor-align-left elementor-widget elementor-widget-ld_icon_box\" data-id=\"348ef59\" data-element_type=\"widget\" data-e-type=\"widget\" data-widget_type=\"ld_icon_box.default\">\n\t\t\t\t<div class=\"elementor-widget-container\">\n\t\t\t\t\t\n\t\t\t<div id=\"ld_icon_box_348ef59\" class=\"iconbox d-flex flex-grow-1 pos-rel iconbox-side\"   >\n\n\t\t\t\t\n\t\t\t\t<div class=\"iconbox-icon-wrap  \"><div class=\"iconbox-icon-container d-inline-flex   \"><img decoding=\"async\" src=\"\" class=\"lqd-image-icon\" \/><\/div><\/div>\n\t\t\t\t\n\t\t\t\t<div class=\"contents \">\n\t\t\t\t\n\t\t\t\t\t\t\t\t<p class=\"lqd-iconbox-content\">\u015een Mermer, 50 y\u0131l\u0131 a\u015fk\u0131n s\u00fcredir kamu in\u015faatlar\u0131nda uzmanla\u015fm\u0131\u015f ve T\u00fcrkiye\u2019nin d\u00f6rt bir yan\u0131nda \u00e7ok say\u0131da projeye imza atm\u0131\u015f k\u00f6kl\u00fc bir in\u015faat firmas\u0131d\u0131r. Sahip oldu\u011fumuz bilgi birikimi ve teknik altyap\u0131 sayesinde, karma\u015f\u0131k ve b\u00fcy\u00fck \u00f6l\u00e7ekli projelerde dahi y\u00fcksek verimlilikle \u00e7al\u0131\u015fmaktay\u0131z.\n<\/p>\n\t\t\t\t\n\t\t\t\t<\/div>\n\t\t\t\t\n\t\t\t<\/div>\n\n\t\t\t\t\t\t<\/div>\n\t\t\t\t<\/div>\n\t\t\t\t<div class=\"elementor-element elementor-element-e7bc722 elementor-align-left elementor-widget elementor-widget-ld_icon_box\" data-id=\"e7bc722\" data-element_type=\"widget\" data-e-type=\"widget\" data-widget_type=\"ld_icon_box.default\">\n\t\t\t\t<div class=\"elementor-widget-container\">\n\t\t\t\t\t\n\t\t\t<div id=\"ld_icon_box_e7bc722\" class=\"iconbox d-flex flex-grow-1 pos-rel iconbox-side\"   >\n\n\t\t\t\t\n\t\t\t\t<div class=\"iconbox-icon-wrap  \"><div class=\"iconbox-icon-container d-inline-flex   \"><img decoding=\"async\" src=\"\" class=\"lqd-image-icon\" \/><\/div><\/div>\n\t\t\t\t\n\t\t\t\t\n\t\t\t\t\n\t\t\t\t<h3 class=\"lqd-iconbox-heading\" >Hizmet Verdi\u011fimiz Yap\u0131 Tipleri\n <\/h3>\t\t\t\t<p class=\"lqd-iconbox-content\"><\/p>\n\t\t\t\t\n\t\t\t\t\n\t\t\t\t\n\t\t\t<\/div>\n\n\t\t\t\t\t\t<\/div>\n\t\t\t\t<\/div>\n\t\t\t\t<div class=\"elementor-element elementor-element-5195c70 elementor-align-left elementor-widget elementor-widget-ld_icon_box\" data-id=\"5195c70\" data-element_type=\"widget\" data-e-type=\"widget\" data-widget_type=\"ld_icon_box.default\">\n\t\t\t\t<div class=\"elementor-widget-container\">\n\t\t\t\t\t\n\t\t\t<div id=\"ld_icon_box_5195c70\" class=\"iconbox d-flex flex-grow-1 pos-rel align-items-center iconbox-side iconbox-icon-shaped iconbox-circle\"   >\n\n\t\t\t\t\n\t\t\t\t<div class=\"iconbox-icon-wrap  \"><div class=\"iconbox-icon-container d-inline-flex pos-rel z-index-1 border-radius-circle\"><i aria-hidden=\"true\" class=\"lqd-icn-ess icon-ion-ios-checkmark\"><\/i><\/div><\/div>\n\t\t\t\t\n\t\t\t\t<div class=\"contents \">\n\t\t\t\t\n\t\t\t\t<h3 class=\"lqd-iconbox-heading\" >E\u011fitim Yap\u0131lar\u0131 <\/h3>\t\t\t\t<p class=\"lqd-iconbox-content\">Okullar, anaokullar\u0131, kamp\u00fcs alanlar\u0131<\/p>\n\t\t\t\t\n\t\t\t\t<\/div>\n\t\t\t\t\n\t\t\t<\/div>\n\n\t\t\t\t\t\t<\/div>\n\t\t\t\t<\/div>\n\t\t\t\t<div class=\"elementor-element elementor-element-6deffe2 elementor-align-left elementor-widget elementor-widget-ld_icon_box\" data-id=\"6deffe2\" data-element_type=\"widget\" data-e-type=\"widget\" data-widget_type=\"ld_icon_box.default\">\n\t\t\t\t<div class=\"elementor-widget-container\">\n\t\t\t\t\t\n\t\t\t<div id=\"ld_icon_box_6deffe2\" class=\"iconbox d-flex flex-grow-1 pos-rel align-items-center iconbox-side iconbox-icon-shaped iconbox-circle\"   >\n\n\t\t\t\t\n\t\t\t\t<div class=\"iconbox-icon-wrap  \"><div class=\"iconbox-icon-container d-inline-flex pos-rel z-index-1 border-radius-circle\"><i aria-hidden=\"true\" class=\"lqd-icn-ess icon-ion-ios-checkmark\"><\/i><\/div><\/div>\n\t\t\t\t\n\t\t\t\t<div class=\"contents \">\n\t\t\t\t\n\t\t\t\t<h3 class=\"lqd-iconbox-heading\" >Spor Tesisleri <\/h3>\t\t\t\t<p class=\"lqd-iconbox-content\">Spor salonlar\u0131, y\u00fczme havuzlar\u0131, stadyumlar<\/p>\n\t\t\t\t\n\t\t\t\t<\/div>\n\t\t\t\t\n\t\t\t<\/div>\n\n\t\t\t\t\t\t<\/div>\n\t\t\t\t<\/div>\n\t\t\t\t<div class=\"elementor-element elementor-element-43c3726 elementor-align-left elementor-widget elementor-widget-ld_icon_box\" data-id=\"43c3726\" data-element_type=\"widget\" data-e-type=\"widget\" data-widget_type=\"ld_icon_box.default\">\n\t\t\t\t<div class=\"elementor-widget-container\">\n\t\t\t\t\t\n\t\t\t<div id=\"ld_icon_box_43c3726\" class=\"iconbox d-flex flex-grow-1 pos-rel align-items-center iconbox-side iconbox-icon-shaped iconbox-circle\"   >\n\n\t\t\t\t\n\t\t\t\t<div class=\"iconbox-icon-wrap  \"><div class=\"iconbox-icon-container d-inline-flex pos-rel z-index-1 border-radius-circle\"><i aria-hidden=\"true\" class=\"lqd-icn-ess icon-ion-ios-checkmark\"><\/i><\/div><\/div>\n\t\t\t\t\n\t\t\t\t<div class=\"contents \">\n\t\t\t\t\n\t\t\t\t<h3 class=\"lqd-iconbox-heading\" >Y\u00f6netim Binalar\u0131 <\/h3>\t\t\t\t<p class=\"lqd-iconbox-content\">H\u00fck\u00fcmet konaklar\u0131, idari merkezler<\/p>\n\t\t\t\t\n\t\t\t\t<\/div>\n\t\t\t\t\n\t\t\t<\/div>\n\n\t\t\t\t\t\t<\/div>\n\t\t\t\t<\/div>\n\t\t\t\t<div class=\"elementor-element elementor-element-a112ca7 elementor-align-left elementor-widget elementor-widget-ld_icon_box\" data-id=\"a112ca7\" data-element_type=\"widget\" data-e-type=\"widget\" data-widget_type=\"ld_icon_box.default\">\n\t\t\t\t<div class=\"elementor-widget-container\">\n\t\t\t\t\t\n\t\t\t<div id=\"ld_icon_box_a112ca7\" class=\"iconbox d-flex flex-grow-1 pos-rel align-items-center iconbox-side iconbox-icon-shaped iconbox-circle\"   >\n\n\t\t\t\t\n\t\t\t\t<div class=\"iconbox-icon-wrap  \"><div class=\"iconbox-icon-container d-inline-flex pos-rel z-index-1 border-radius-circle\"><i aria-hidden=\"true\" class=\"lqd-icn-ess icon-ion-ios-checkmark\"><\/i><\/div><\/div>\n\t\t\t\t\n\t\t\t\t<div class=\"contents \">\n\t\t\t\t\n\t\t\t\t<h3 class=\"lqd-iconbox-heading\" >Kamusal A\u00e7\u0131k Alanlar <\/h3>\t\t\t\t<p class=\"lqd-iconbox-content\">Parklar, y\u00fcr\u00fcy\u00fc\u015f yollar\u0131, meydanlar<\/p>\n\t\t\t\t\n\t\t\t\t<\/div>\n\t\t\t\t\n\t\t\t<\/div>\n\n\t\t\t\t\t\t<\/div>\n\t\t\t\t<\/div>\n\t\t\t\t\t<\/div>\n\t\t<\/div>\n\t\t\t\t<div class=\"lqd-css-sticky-column elementor-column elementor-col-50 elementor-top-column elementor-element elementor-element-0e3691c\" style=\"--lqd-sticky-offset:30px\" data-id=\"0e3691c\" data-element_type=\"column\" data-e-type=\"column\">\n\t\t\t<div class=\"elementor-widget-wrap elementor-element-populated\">\n\t\t\t\t\t\t<div class=\"elementor-element elementor-element-7c62127 elementor-widget__width-auto elementor-widget elementor-widget-ld_fancy_image\" data-id=\"7c62127\" data-element_type=\"widget\" data-e-type=\"widget\" data-widget_type=\"ld_fancy_image.default\">\n\t\t\t\t<div class=\"elementor-widget-container\">\n\t\t\t\t\t\n\t\t\t<div class=\"lqd-imggrp-single d-inline-flex pos-rel align-items-center justify-content-center transform-style-3d\" data-shadow-style=\"1\" data-hover3d=\"true\"  >\n\n\t\t\t\t\n\t\t\t\t<div class=\"lqd-imggrp-img-container pos-rel\" data-stacking-factor=\"1\">\n\n\t\t\t\t\t<figure\n\t\t\t\t\t\tclass=\"w-100 pos-rel\"\n\t\t\t\t\t\t\t\t\t\t\t\t\t\t\t\t\t>\n\t\t\t\t\t\t<img fetchpriority=\"high\" decoding=\"async\" width=\"740\" height=\"722\" src=\"https:\/\/senmermer.com.tr\/wp-content\/uploads\/2022\/06\/iconbox-4.jpeg\" class=\"attachment-full size-full wp-image-145\" alt=\"\" srcset=\"https:\/\/senmermer.com.tr\/wp-content\/uploads\/2022\/06\/iconbox-4.jpeg 740w, https:\/\/senmermer.com.tr\/wp-content\/uploads\/2022\/06\/iconbox-4-300x293.jpeg 300w, https:\/\/senmermer.com.tr\/wp-content\/uploads\/2022\/06\/iconbox-4-12x12.jpeg 12w\" sizes=\"(max-width: 740px) 100vw, 740px\" \/>\t\t\t\t\t\t\t\t\t\t\t\t\t\t\t\t\t\t\t\t\t\t\t\t\t\t\t\t\t\t\t\t\t\t\t\t\t\t\t\t\t\t\t\t\t\t\t<\/figure>\n\n\t\t\t\t<\/div>\n\t\t\t<\/div>\n\n\t\t\t\t\t\t<\/div>\n\t\t\t\t<\/div>\n\t\t\t\t\t<\/div>\n\t\t<\/div>\n\t\t\t\t\t<\/div>\n\t\t<\/section>\n\t\t\t\t<section data-custom-animations=\"true\" data-ca-options=\"{&quot;addChildTimelines&quot;:false,&quot;animationTarget&quot;:&quot;:scope &gt; .elementor-container &gt; .elementor-column&quot;,&quot;ease&quot;:[&quot;power4.out&quot;],&quot;initValues&quot;:{&quot;y&quot;:&quot;40px&quot;,&quot;opacity&quot;:0},&quot;animations&quot;:{&quot;y&quot;:&quot;0px&quot;,&quot;opacity&quot;:1}}\" class=\"elementor-section elementor-top-section elementor-element elementor-element-4e9da12 elementor-section-boxed elementor-section-height-default elementor-section-height-default\" data-id=\"4e9da12\" data-element_type=\"section\" data-e-type=\"section\">\n\t\t\t\t\t\t<div class=\"elementor-container elementor-column-gap-default\">\n\t\t\t\t\t<div class=\"lqd-css-sticky-column elementor-column elementor-col-50 elementor-top-column elementor-element elementor-element-53d4e35\" style=\"--lqd-sticky-offset:30px\" data-id=\"53d4e35\" data-element_type=\"column\" data-e-type=\"column\">\n\t\t\t<div class=\"elementor-widget-wrap elementor-element-populated\">\n\t\t\t\t\t\t<div class=\"elementor-element elementor-element-7c2612c elementor-widget__width-auto elementor-widget elementor-widget-ld_fancy_image\" data-id=\"7c2612c\" data-element_type=\"widget\" data-e-type=\"widget\" data-widget_type=\"ld_fancy_image.default\">\n\t\t\t\t<div class=\"elementor-widget-container\">\n\t\t\t\t\t\n\t\t\t<div class=\"lqd-imggrp-single d-inline-flex pos-rel align-items-center justify-content-center transform-style-3d\" data-shadow-style=\"1\" data-hover3d=\"true\"  >\n\n\t\t\t\t\n\t\t\t\t<div class=\"lqd-imggrp-img-container pos-rel\" data-stacking-factor=\"1\">\n\n\t\t\t\t\t<figure\n\t\t\t\t\t\tclass=\"w-100 pos-rel\"\n\t\t\t\t\t\t\t\t\t\t\t\t\t\t\t\t\t>\n\t\t\t\t\t\t<img decoding=\"async\" width=\"840\" height=\"912\" src=\"data:image\/svg+xml;charset=utf-8,%3Csvg xmlns%3D&#039;http%3A%2F%2Fwww.w3.org%2F2000%2Fsvg&#039; viewBox%3D&#039;0 0 840 912&#039;%2F%3E\" class=\"attachment-full size-full wp-image-240 ld-lazyload\" alt=\"\" data-src=\"https:\/\/senmermer.com.tr\/wp-content\/uploads\/2022\/06\/fancy-img-2-1.jpg\" data-srcset=\"https:\/\/senmermer.com.tr\/wp-content\/uploads\/2022\/06\/fancy-img-2-1.jpg 840w, https:\/\/senmermer.com.tr\/wp-content\/uploads\/2022\/06\/fancy-img-2-1-276x300.jpg 276w, https:\/\/senmermer.com.tr\/wp-content\/uploads\/2022\/06\/fancy-img-2-1-11x12.jpg 11w\" data-sizes=\"(max-width: 840px) 100vw, 840px\" data-aspect=\"0.92105263157895\" \/>\t\t\t\t\t\t\t\t\t\t\t\t\t\t\t\t\t\t\t\t\t\t\t\t\t\t\t\t\t\t\t\t\t\t\t\t\t\t\t\t\t\t\t\t\t\t\t<\/figure>\n\n\t\t\t\t<\/div>\n\t\t\t<\/div>\n\n\t\t\t\t\t\t<\/div>\n\t\t\t\t<\/div>\n\t\t\t\t\t<\/div>\n\t\t<\/div>\n\t\t\t\t<div class=\"elementor-column elementor-col-50 elementor-top-column elementor-element elementor-element-72b1dab\" data-id=\"72b1dab\" data-element_type=\"column\" data-e-type=\"column\">\n\t\t\t<div class=\"elementor-widget-wrap elementor-element-populated\">\n\t\t\t\t\t\t<div class=\"elementor-element elementor-element-b538dd7 elementor-widget elementor-widget-hub_fancy_heading\" data-id=\"b538dd7\" data-element_type=\"widget\" data-e-type=\"widget\" data-widget_type=\"hub_fancy_heading.default\">\n\t\t\t\t<div class=\"elementor-widget-container\">\n\t\t\t\t\t\n\t\t<div id=\"ld-fancy-heading-69d2d1e3bab0f\" class=\"ld-fancy-heading pos-rel\">\n\t\t\t<h2 class=\"ld-fh-element d-inline-block pos-rel  elementor-heading-title lqd-highlight-classic lqd-highlight-grow-left lqd-highlight-reset-onhover h2\"  > Proje Y\u00f6netiminde Fark Yaratan Unsurlar\n<\/h2>\t\t<\/div>\n\n\t\t\t\t\t\t<\/div>\n\t\t\t\t<\/div>\n\t\t\t\t<div class=\"elementor-element elementor-element-cbfa181 elementor-align-left elementor-widget elementor-widget-ld_icon_box\" data-id=\"cbfa181\" data-element_type=\"widget\" data-e-type=\"widget\" data-widget_type=\"ld_icon_box.default\">\n\t\t\t\t<div class=\"elementor-widget-container\">\n\t\t\t\t\t\n\t\t\t<div id=\"ld_icon_box_cbfa181\" class=\"iconbox d-flex flex-grow-1 pos-rel iconbox-side\"   >\n\n\t\t\t\t\n\t\t\t\t<div class=\"iconbox-icon-wrap  \"><div class=\"iconbox-icon-container d-inline-flex   \"><img decoding=\"async\" src=\"\" class=\"lqd-image-icon\" \/><\/div><\/div>\n\t\t\t\t\n\t\t\t\t<div class=\"contents \">\n\t\t\t\t\n\t\t\t\t\t\t\t\t<p class=\"lqd-iconbox-content\">\t\u2022\tDeneyimli m\u00fchendis ve uygulama kadrosu<br>\n\t\u2022\tProje ba\u015f\u0131ndan sonuna kadar s\u00fcrd\u00fcr\u00fclebilir planlama<br>\n\t\u2022\tY\u00fcksek kaliteli ve uzun \u00f6m\u00fcrl\u00fc yap\u0131 malzemeleri<br>\n\t\u2022\tTeslim s\u00fcresine sad\u0131k kal\u0131nan i\u015f takibi<br>\n\t\u2022\tDetaylara h\u00e2kim ve \u00e7\u00f6z\u00fcm odakl\u0131 yakla\u015f\u0131m<\/p>\n\t\t\t\t\n\t\t\t\t<\/div>\n\t\t\t\t\n\t\t\t<\/div>\n\n\t\t\t\t\t\t<\/div>\n\t\t\t\t<\/div>\n\t\t\t\t<div class=\"elementor-element elementor-element-547e585 elementor-align-left elementor-widget elementor-widget-ld_icon_box\" data-id=\"547e585\" data-element_type=\"widget\" data-e-type=\"widget\" data-widget_type=\"ld_icon_box.default\">\n\t\t\t\t<div class=\"elementor-widget-container\">\n\t\t\t\t\t\n\t\t\t<div id=\"ld_icon_box_547e585\" class=\"iconbox d-flex flex-grow-1 pos-rel iconbox-side\"   >\n\n\t\t\t\t\n\t\t\t\t<div class=\"iconbox-icon-wrap  \"><div class=\"iconbox-icon-container d-inline-flex   \"><img decoding=\"async\" src=\"\" class=\"lqd-image-icon\" \/><\/div><\/div>\n\t\t\t\t\n\t\t\t\t<div class=\"contents \">\n\t\t\t\t\n\t\t\t\t<h3 class=\"lqd-iconbox-heading\" >Uzmanl\u0131k Alanlar\u0131m\u0131z\n <\/h3>\t\t\t\t<p class=\"lqd-iconbox-content\">\t\u2022\tAnahtar teslim kamu projeleri<br>\n\t\u2022\tRestorasyon ve yap\u0131sal iyile\u015ftirmeler<br>\n\t\u2022\tTemel, karkas ve ince yap\u0131 i\u015fleri<br>\n\t\u2022\t\u00c7evre d\u00fczenleme ve altyap\u0131 entegrasyonlar\u0131<\/p>\n\t\t\t\t\n\t\t\t\t<\/div>\n\t\t\t\t\n\t\t\t<\/div>\n\n\t\t\t\t\t\t<\/div>\n\t\t\t\t<\/div>\n\t\t\t\t\t<\/div>\n\t\t<\/div>\n\t\t\t\t\t<\/div>\n\t\t<\/section>\n\t\t\t\t<section class=\"elementor-section elementor-top-section elementor-element elementor-element-32bc451 elementor-section-boxed elementor-section-height-default elementor-section-height-default\" data-id=\"32bc451\" data-element_type=\"section\" data-e-type=\"section\">\n\t\t\t\t\t\t<div class=\"elementor-container elementor-column-gap-default\">\n\t\t\t\t\t<div class=\"elementor-column elementor-col-100 elementor-top-column elementor-element elementor-element-16a5587\" data-id=\"16a5587\" data-element_type=\"column\" data-e-type=\"column\">\n\t\t\t<div class=\"elementor-widget-wrap elementor-element-populated\">\n\t\t\t\t\t\t<div class=\"elementor-element elementor-element-f0c04ba elementor-widget elementor-widget-hub_fancy_heading lqd-el-has-inner-anim\" data-id=\"f0c04ba\" data-element_type=\"widget\" data-e-type=\"widget\" data-settings=\"{&quot;enable_split&quot;:&quot;true&quot;,&quot;split_type&quot;:&quot;lines&quot;}\" data-widget_type=\"hub_fancy_heading.default\">\n\t\t\t\t<div class=\"elementor-widget-container\">\n\t\t\t\t\t\n\t\t<div id=\"ld-fancy-heading-69d2d1e3be65c\" class=\"ld-fancy-heading pos-rel\">\n\t\t\t<h3 class=\"ld-fh-element d-inline-block pos-rel  elementor-heading-title lqd-highlight-classic lqd-highlight-grow-left lqd-split-lines h3\"  data-split-text=\"true\" data-split-options='{\"type\":\"lines\"}'> \ud83d\udc77\u200d\u2642\ufe0f Projelerinizi G\u00fcvenle Hayata Ge\u00e7irelim\n<\/h3>\t\t<\/div>\n\n\t\t\t\t\t\t<\/div>\n\t\t\t\t<\/div>\n\t\t\t\t<div class=\"elementor-element elementor-element-4187c9b elementor-widget elementor-widget-hub_fancy_heading lqd-el-has-inner-anim\" data-id=\"4187c9b\" data-element_type=\"widget\" data-e-type=\"widget\" data-settings=\"{&quot;enable_split&quot;:&quot;true&quot;,&quot;split_type&quot;:&quot;lines&quot;}\" data-widget_type=\"hub_fancy_heading.default\">\n\t\t\t\t<div class=\"elementor-widget-container\">\n\t\t\t\t\t\n\t\t<div id=\"ld-fancy-heading-69d2d1e3bf110\" class=\"ld-fancy-heading pos-rel\">\n\t\t\t<p class=\"ld-fh-element d-inline-block pos-rel  lqd-highlight-classic lqd-highlight-grow-left lqd-split-lines p\"  data-split-text=\"true\" data-split-options='{\"type\":\"lines\"}'> Kaliteli, zaman\u0131nda ve s\u00fcrd\u00fcr\u00fclebilir \u00e7\u00f6z\u00fcmlerle kamu projelerinizi birlikte in\u015fa edelim.\n<\/p>\t\t<\/div>\n\n\t\t\t\t\t\t<\/div>\n\t\t\t\t<\/div>\n\t\t\t\t<div class=\"elementor-element elementor-element-4f3cb15 elementor-widget elementor-widget-ld_button\" data-id=\"4f3cb15\" data-element_type=\"widget\" data-e-type=\"widget\" data-widget_type=\"ld_button.default\">\n\t\t\t\t<div class=\"elementor-widget-container\">\n\t\t\t\t\t\n\t\t<a  href=\"#modal-5994\" class=\"elementor-button btn align-items-center justify-content-center pos-rel overflow-hidden ws-nowrap btn-solid btn-hover-txt-liquid-y-alt btn-has-label btn-extended-lines\" data-lqd-lity=\"#modal-5994\" >\n\t\t\t\t\t\t\t<span class=\"btn-txt d-block pos-rel z-index-3\"  data-text=\"\u0130leti\u015fim\" data-split-text=\"true\" data-split-options='{\"type\": \"chars, words\"}'>\n\t\t\t\t\t\t\t\t\t\t\t\u0130leti\u015fim\t\t\t\t\t\t\t\t\t<\/span>\n\t\t\t\t\t\t\t\t\t\t\t\t<i class=\"btn-extended-line btn-extended-line-tl d-inline-block pos-abs pointer-events-none\"><\/i>\n\t\t\t\t\t\t\t\t\t\t\t<i class=\"btn-extended-line btn-extended-line-tr d-inline-block pos-abs pointer-events-none\"><\/i>\n\t\t\t\t\t\t\t\t\t\t\t<i class=\"btn-extended-line btn-extended-line-br d-inline-block pos-abs pointer-events-none\"><\/i>\n\t\t\t\t\t\t\t\t\t\t\t<i class=\"btn-extended-line btn-extended-line-bl d-inline-block pos-abs pointer-events-none\"><\/i>\n\t\t\t\t\t\t\t<\/a>\n\n\t\t\t\t\t\t<\/div>\n\t\t\t\t<\/div>\n\t\t\t\t<div class=\"elementor-element elementor-element-510263d elementor-widget elementor-widget-ld_modal_window\" data-id=\"510263d\" data-element_type=\"widget\" data-e-type=\"widget\" data-settings=\"{&quot;modal&quot;:&quot;84&quot;}\" data-widget_type=\"ld_modal_window.default\">\n\t\t\t\t<div class=\"elementor-widget-container\">\n\t\t\t\t\t\t\t\n\n\t\t\t\t<div id=\"modal-84\" class=\"lqd-modal lqd-lity-hide\" data-modal-type=\"fullscreen\">\n\t\t\n\t\t\t<div class=\"lqd-modal-inner\">\n\t\t\t\t<div class=\"lqd-modal-content\">\n\t\t\t\t\t\t\t\t\t<\/div>\n\t\t\t<\/div>\n\n\t\t<\/div>\n\n\t\t\t\t\t\t<\/div>\n\t\t\t\t<\/div>\n\t\t\t\t\t<\/div>\n\t\t<\/div>\n\t\t\t\t\t<\/div>\n\t\t<\/section>\n\t\t\t\t<\/div>\n\t\t","protected":false},"excerpt":{"rendered":"<p>Kamu Projelerinde G\u00fc\u00e7l\u00fc Referanslar, Kal\u0131c\u0131 \u00c7\u00f6z\u00fcmler \u015een Mermer, 50 y\u0131l\u0131 a\u015fk\u0131n s\u00fcredir kamu in\u015faatlar\u0131nda uzmanla\u015fm\u0131\u015f ve T\u00fcrkiye\u2019nin d\u00f6rt bir yan\u0131nda \u00e7ok say\u0131da projeye imza atm\u0131\u015f k\u00f6kl\u00fc bir in\u015faat firmas\u0131d\u0131r. Sahip oldu\u011fumuz bilgi birikimi ve teknik altyap\u0131 sayesinde, karma\u015f\u0131k ve b\u00fcy\u00fck \u00f6l\u00e7ekli projelerde dahi y\u00fcksek verimlilikle \u00e7al\u0131\u015fmaktay\u0131z. Hizmet Verdi\u011fimiz Yap\u0131 Tipleri E\u011fitim Yap\u0131lar\u0131 Okullar, anaokullar\u0131, kamp\u00fcs [&hellip;]<\/p>\n","protected":false},"author":1,"featured_media":0,"parent":0,"menu_order":0,"comment_status":"closed","ping_status":"closed","template":"","meta":{"footnotes":""},"class_list":["post-6159","page","type-page","status-publish","hentry"],"_links":{"self":[{"href":"https:\/\/senmermer.com.tr\/en\/wp-json\/wp\/v2\/pages\/6159","targetHints":{"allow":["GET"]}}],"collection":[{"href":"https:\/\/senmermer.com.tr\/en\/wp-json\/wp\/v2\/pages"}],"about":[{"href":"https:\/\/senmermer.com.tr\/en\/wp-json\/wp\/v2\/types\/page"}],"author":[{"embeddable":true,"href":"https:\/\/senmermer.com.tr\/en\/wp-json\/wp\/v2\/users\/1"}],"replies":[{"embeddable":true,"href":"https:\/\/senmermer.com.tr\/en\/wp-json\/wp\/v2\/comments?post=6159"}],"version-history":[{"count":17,"href":"https:\/\/senmermer.com.tr\/en\/wp-json\/wp\/v2\/pages\/6159\/revisions"}],"predecessor-version":[{"id":6570,"href":"https:\/\/senmermer.com.tr\/en\/wp-json\/wp\/v2\/pages\/6159\/revisions\/6570"}],"wp:attachment":[{"href":"https:\/\/senmermer.com.tr\/en\/wp-json\/wp\/v2\/media?parent=6159"}],"curies":[{"name":"wp","href":"https:\/\/api.w.org\/{rel}","templated":true}]}}