{"id":6168,"date":"2025-04-09T10:42:36","date_gmt":"2025-04-09T10:42:36","guid":{"rendered":"https:\/\/senmermer.com.tr\/?page_id=6168"},"modified":"2026-04-03T08:37:09","modified_gmt":"2026-04-03T08:37:09","slug":"natural-stone-applications","status":"publish","type":"page","link":"https:\/\/senmermer.com.tr\/en\/natural-stone-applications\/","title":{"rendered":"Natural Stone Applications"},"content":{"rendered":"\t\t<div data-elementor-type=\"wp-page\" data-elementor-id=\"6168\" class=\"elementor elementor-6168\">\n\t\t\t\t\t\t<section class=\"elementor-section elementor-top-section elementor-element elementor-element-7b144e6 elementor-reverse-tablet elementor-reverse-mobile elementor-section-boxed elementor-section-height-default elementor-section-height-default\" data-id=\"7b144e6\" data-element_type=\"section\" data-e-type=\"section\" data-settings=\"{&quot;background_background&quot;:&quot;classic&quot;}\">\n\t\t\t\t\t\t<div class=\"elementor-container elementor-column-gap-default\">\n\t\t\t\t\t<div data-custom-animations=\"true\" data-ca-options=\"{&quot;addChildTimelines&quot;:false,&quot;animationTarget&quot;:&quot;:scope &gt; .elementor-widget-wrap &gt; .elementor-element &gt; .elementor-widget-container, :scope &gt; .elementor-widget-wrap &gt; .elementor-section &gt; .elementor-container &gt; .elementor-column &gt; .elementor-widget-wrap &gt; .elementor-element:not(.lqd-el-has-inner-anim) &gt; .elementor-widget-container, :scope &gt; .elementor-widget-wrap &gt; .elementor-widget-hub_fancy_heading .lqd-split-lines .lqd-lines .split-inner, :scope &gt; .elementor-widget-wrap &gt; .elementor-widget-hub_fancy_heading .lqd-split-words .lqd-words .split-inner, :scope &gt; .elementor-widget-wrap &gt; .elementor-widget-hub_fancy_heading .lqd-split-chars .lqd-chars .split-inner, :scope &gt; .elementor-widget-wrap &gt; .elementor-widget-ld_custom_menu .lqd-fancy-menu &gt; ul &gt; li&quot;,&quot;ease&quot;:[&quot;power4.out&quot;],&quot;initValues&quot;:{&quot;y&quot;:&quot;30px&quot;,&quot;rotationY&quot;:10,&quot;opacity&quot;:0},&quot;animations&quot;:{&quot;y&quot;:&quot;0px&quot;,&quot;rotationY&quot;:0,&quot;opacity&quot;:1}}\" class=\"elementor-column elementor-col-50 elementor-top-column elementor-element elementor-element-3c09963\" data-id=\"3c09963\" data-element_type=\"column\" data-e-type=\"column\">\n\t\t\t<div class=\"elementor-widget-wrap elementor-element-populated\">\n\t\t\t\t\t\t<div class=\"elementor-element elementor-element-c22c2d8 elementor-widget elementor-widget-hub_fancy_heading\" data-id=\"c22c2d8\" data-element_type=\"widget\" data-e-type=\"widget\" data-widget_type=\"hub_fancy_heading.default\">\n\t\t\t\t<div class=\"elementor-widget-container\">\n\t\t\t\t\t\n\t\t<div id=\"ld-fancy-heading-69d2d1f8d0b2d\" class=\"ld-fancy-heading pos-rel\">\n\t\t\t<h2 class=\"ld-fh-element d-inline-block pos-rel  elementor-heading-title lqd-highlight-classic lqd-highlight-grow-left lqd-highlight-reset-onhover h2\"  > Estetik ve Dayan\u0131kl\u0131l\u0131\u011f\u0131n Bulu\u015fma Noktas\u0131\n<\/h2>\t\t<\/div>\n\n\t\t\t\t\t\t<\/div>\n\t\t\t\t<\/div>\n\t\t\t\t<div class=\"elementor-element elementor-element-348ef59 elementor-align-left elementor-widget elementor-widget-ld_icon_box\" data-id=\"348ef59\" data-element_type=\"widget\" data-e-type=\"widget\" data-widget_type=\"ld_icon_box.default\">\n\t\t\t\t<div class=\"elementor-widget-container\">\n\t\t\t\t\t\n\t\t\t<div id=\"ld_icon_box_348ef59\" class=\"iconbox d-flex flex-grow-1 pos-rel iconbox-side\"   >\n\n\t\t\t\t\n\t\t\t\t<div class=\"iconbox-icon-wrap  \"><div class=\"iconbox-icon-container d-inline-flex   \"><img decoding=\"async\" src=\"\" class=\"lqd-image-icon\" \/><\/div><\/div>\n\t\t\t\t\n\t\t\t\t<div class=\"contents \">\n\t\t\t\t\n\t\t\t\t\t\t\t\t<p class=\"lqd-iconbox-content\">Do\u011fal ta\u015f, yap\u0131lar\u0131n\u0131z\u0131 yaln\u0131zca g\u00fczelle\u015ftirmez, ayn\u0131 zamanda onlara de\u011fer ve uzun \u00f6m\u00fcr kazand\u0131r\u0131r. \u015een Mermer olarak, y\u0131llar\u0131n verdi\u011fi ustal\u0131kla mermer, granit, mozaik ve di\u011fer do\u011fal ta\u015f \u00e7e\u015fitlerini projelere \u00f6zel tasarlay\u0131p uygular\u0131z.\n<\/p>\n\t\t\t\t\n\t\t\t\t<\/div>\n\t\t\t\t\n\t\t\t<\/div>\n\n\t\t\t\t\t\t<\/div>\n\t\t\t\t<\/div>\n\t\t\t\t<div class=\"elementor-element elementor-element-e7bc722 elementor-align-left elementor-widget elementor-widget-ld_icon_box\" data-id=\"e7bc722\" data-element_type=\"widget\" data-e-type=\"widget\" data-widget_type=\"ld_icon_box.default\">\n\t\t\t\t<div class=\"elementor-widget-container\">\n\t\t\t\t\t\n\t\t\t<div id=\"ld_icon_box_e7bc722\" class=\"iconbox d-flex flex-grow-1 pos-rel iconbox-side\"   >\n\n\t\t\t\t\n\t\t\t\t<div class=\"iconbox-icon-wrap  \"><div class=\"iconbox-icon-container d-inline-flex   \"><img decoding=\"async\" src=\"\" class=\"lqd-image-icon\" \/><\/div><\/div>\n\t\t\t\t\n\t\t\t\t\n\t\t\t\t\n\t\t\t\t<h3 class=\"lqd-iconbox-heading\" >Hizmet Alanlar\u0131m\u0131z\n <\/h3>\t\t\t\t<p class=\"lqd-iconbox-content\"><\/p>\n\t\t\t\t\n\t\t\t\t\n\t\t\t\t\n\t\t\t<\/div>\n\n\t\t\t\t\t\t<\/div>\n\t\t\t\t<\/div>\n\t\t\t\t<div class=\"elementor-element elementor-element-5195c70 elementor-align-left elementor-widget elementor-widget-ld_icon_box\" data-id=\"5195c70\" data-element_type=\"widget\" data-e-type=\"widget\" data-widget_type=\"ld_icon_box.default\">\n\t\t\t\t<div class=\"elementor-widget-container\">\n\t\t\t\t\t\n\t\t\t<div id=\"ld_icon_box_5195c70\" class=\"iconbox d-flex flex-grow-1 pos-rel align-items-center iconbox-side iconbox-icon-shaped iconbox-circle\"   >\n\n\t\t\t\t\n\t\t\t\t<div class=\"iconbox-icon-wrap  \"><div class=\"iconbox-icon-container d-inline-flex pos-rel z-index-1 border-radius-circle\"><i aria-hidden=\"true\" class=\"lqd-icn-ess icon-ion-ios-checkmark\"><\/i><\/div><\/div>\n\t\t\t\t\n\t\t\t\t<div class=\"contents \">\n\t\t\t\t\n\t\t\t\t<h3 class=\"lqd-iconbox-heading\" >Zemin D\u00f6\u015feme <\/h3>\t\t\t\t<p class=\"lqd-iconbox-content\">\u0130\u00e7 ve d\u0131\u015f mekanlar i\u00e7in kaymaz, dayan\u0131kl\u0131 ve \u015f\u0131k y\u00fczeyler<\/p>\n\t\t\t\t\n\t\t\t\t<\/div>\n\t\t\t\t\n\t\t\t<\/div>\n\n\t\t\t\t\t\t<\/div>\n\t\t\t\t<\/div>\n\t\t\t\t<div class=\"elementor-element elementor-element-6deffe2 elementor-align-left elementor-widget elementor-widget-ld_icon_box\" data-id=\"6deffe2\" data-element_type=\"widget\" data-e-type=\"widget\" data-widget_type=\"ld_icon_box.default\">\n\t\t\t\t<div class=\"elementor-widget-container\">\n\t\t\t\t\t\n\t\t\t<div id=\"ld_icon_box_6deffe2\" class=\"iconbox d-flex flex-grow-1 pos-rel align-items-center iconbox-side iconbox-icon-shaped iconbox-circle\"   >\n\n\t\t\t\t\n\t\t\t\t<div class=\"iconbox-icon-wrap  \"><div class=\"iconbox-icon-container d-inline-flex pos-rel z-index-1 border-radius-circle\"><i aria-hidden=\"true\" class=\"lqd-icn-ess icon-ion-ios-checkmark\"><\/i><\/div><\/div>\n\t\t\t\t\n\t\t\t\t<div class=\"contents \">\n\t\t\t\t\n\t\t\t\t<h3 class=\"lqd-iconbox-heading\" >Duvar Kaplama <\/h3>\t\t\t\t<p class=\"lqd-iconbox-content\">Estetik, do\u011fal g\u00f6r\u00fcn\u00fcm sunan i\u00e7-d\u0131\u015f duvar \u00e7\u00f6z\u00fcmleri<\/p>\n\t\t\t\t\n\t\t\t\t<\/div>\n\t\t\t\t\n\t\t\t<\/div>\n\n\t\t\t\t\t\t<\/div>\n\t\t\t\t<\/div>\n\t\t\t\t<div class=\"elementor-element elementor-element-43c3726 elementor-align-left elementor-widget elementor-widget-ld_icon_box\" data-id=\"43c3726\" data-element_type=\"widget\" data-e-type=\"widget\" data-widget_type=\"ld_icon_box.default\">\n\t\t\t\t<div class=\"elementor-widget-container\">\n\t\t\t\t\t\n\t\t\t<div id=\"ld_icon_box_43c3726\" class=\"iconbox d-flex flex-grow-1 pos-rel align-items-center iconbox-side iconbox-icon-shaped iconbox-circle\"   >\n\n\t\t\t\t\n\t\t\t\t<div class=\"iconbox-icon-wrap  \"><div class=\"iconbox-icon-container d-inline-flex pos-rel z-index-1 border-radius-circle\"><i aria-hidden=\"true\" class=\"lqd-icn-ess icon-ion-ios-checkmark\"><\/i><\/div><\/div>\n\t\t\t\t\n\t\t\t\t<div class=\"contents \">\n\t\t\t\t\n\t\t\t\t<h3 class=\"lqd-iconbox-heading\" >Cephe Kaplama &amp; Detay \u0130\u015f\u00e7ilik <\/h3>\t\t\t\t<p class=\"lqd-iconbox-content\">Mimari detaylara uygun \u00f6l\u00e7\u00fc ve desen uygulamalar\u0131<\/p>\n\t\t\t\t\n\t\t\t\t<\/div>\n\t\t\t\t\n\t\t\t<\/div>\n\n\t\t\t\t\t\t<\/div>\n\t\t\t\t<\/div>\n\t\t\t\t\t<\/div>\n\t\t<\/div>\n\t\t\t\t<div class=\"lqd-css-sticky-column elementor-column elementor-col-50 elementor-top-column elementor-element elementor-element-0e3691c\" style=\"--lqd-sticky-offset:30px\" data-id=\"0e3691c\" data-element_type=\"column\" data-e-type=\"column\">\n\t\t\t<div class=\"elementor-widget-wrap elementor-element-populated\">\n\t\t\t\t\t\t<div class=\"elementor-element elementor-element-7c62127 elementor-widget__width-auto elementor-widget elementor-widget-ld_fancy_image\" data-id=\"7c62127\" data-element_type=\"widget\" data-e-type=\"widget\" data-widget_type=\"ld_fancy_image.default\">\n\t\t\t\t<div class=\"elementor-widget-container\">\n\t\t\t\t\t\n\t\t\t<div class=\"lqd-imggrp-single d-inline-flex pos-rel align-items-center justify-content-center transform-style-3d\" data-shadow-style=\"1\" data-hover3d=\"true\"  >\n\n\t\t\t\t\n\t\t\t\t<div class=\"lqd-imggrp-img-container pos-rel\" data-stacking-factor=\"1\">\n\n\t\t\t\t\t<figure\n\t\t\t\t\t\tclass=\"w-100 pos-rel\"\n\t\t\t\t\t\t\t\t\t\t\t\t\t\t\t\t\t>\n\t\t\t\t\t\t<img fetchpriority=\"high\" decoding=\"async\" width=\"740\" height=\"722\" src=\"https:\/\/senmermer.com.tr\/wp-content\/uploads\/2022\/06\/iconbox-4.jpeg\" class=\"attachment-full size-full wp-image-145\" alt=\"\" srcset=\"https:\/\/senmermer.com.tr\/wp-content\/uploads\/2022\/06\/iconbox-4.jpeg 740w, https:\/\/senmermer.com.tr\/wp-content\/uploads\/2022\/06\/iconbox-4-300x293.jpeg 300w, https:\/\/senmermer.com.tr\/wp-content\/uploads\/2022\/06\/iconbox-4-12x12.jpeg 12w\" sizes=\"(max-width: 740px) 100vw, 740px\" \/>\t\t\t\t\t\t\t\t\t\t\t\t\t\t\t\t\t\t\t\t\t\t\t\t\t\t\t\t\t\t\t\t\t\t\t\t\t\t\t\t\t\t\t\t\t\t\t<\/figure>\n\n\t\t\t\t<\/div>\n\t\t\t<\/div>\n\n\t\t\t\t\t\t<\/div>\n\t\t\t\t<\/div>\n\t\t\t\t\t<\/div>\n\t\t<\/div>\n\t\t\t\t\t<\/div>\n\t\t<\/section>\n\t\t\t\t<section data-custom-animations=\"true\" data-ca-options=\"{&quot;addChildTimelines&quot;:false,&quot;animationTarget&quot;:&quot;:scope &gt; .elementor-container &gt; .elementor-column&quot;,&quot;ease&quot;:[&quot;power4.out&quot;],&quot;initValues&quot;:{&quot;y&quot;:&quot;40px&quot;,&quot;opacity&quot;:0},&quot;animations&quot;:{&quot;y&quot;:&quot;0px&quot;,&quot;opacity&quot;:1}}\" class=\"elementor-section elementor-top-section elementor-element elementor-element-4e9da12 elementor-section-boxed elementor-section-height-default elementor-section-height-default\" data-id=\"4e9da12\" data-element_type=\"section\" data-e-type=\"section\">\n\t\t\t\t\t\t<div class=\"elementor-container elementor-column-gap-default\">\n\t\t\t\t\t<div class=\"lqd-css-sticky-column elementor-column elementor-col-50 elementor-top-column elementor-element elementor-element-53d4e35\" style=\"--lqd-sticky-offset:30px\" data-id=\"53d4e35\" data-element_type=\"column\" data-e-type=\"column\">\n\t\t\t<div class=\"elementor-widget-wrap elementor-element-populated\">\n\t\t\t\t\t\t<div class=\"elementor-element elementor-element-7c2612c elementor-widget__width-auto elementor-widget elementor-widget-ld_fancy_image\" data-id=\"7c2612c\" data-element_type=\"widget\" data-e-type=\"widget\" data-widget_type=\"ld_fancy_image.default\">\n\t\t\t\t<div class=\"elementor-widget-container\">\n\t\t\t\t\t\n\t\t\t<div class=\"lqd-imggrp-single d-inline-flex pos-rel align-items-center justify-content-center transform-style-3d\" data-shadow-style=\"1\" data-hover3d=\"true\"  >\n\n\t\t\t\t\n\t\t\t\t<div class=\"lqd-imggrp-img-container pos-rel\" data-stacking-factor=\"1\">\n\n\t\t\t\t\t<figure\n\t\t\t\t\t\tclass=\"w-100 pos-rel\"\n\t\t\t\t\t\t\t\t\t\t\t\t\t\t\t\t\t>\n\t\t\t\t\t\t<img decoding=\"async\" width=\"840\" height=\"912\" src=\"data:image\/svg+xml;charset=utf-8,%3Csvg xmlns%3D&#039;http%3A%2F%2Fwww.w3.org%2F2000%2Fsvg&#039; viewBox%3D&#039;0 0 840 912&#039;%2F%3E\" class=\"attachment-full size-full wp-image-240 ld-lazyload\" alt=\"\" data-src=\"https:\/\/senmermer.com.tr\/wp-content\/uploads\/2022\/06\/fancy-img-2-1.jpg\" data-srcset=\"https:\/\/senmermer.com.tr\/wp-content\/uploads\/2022\/06\/fancy-img-2-1.jpg 840w, https:\/\/senmermer.com.tr\/wp-content\/uploads\/2022\/06\/fancy-img-2-1-276x300.jpg 276w, https:\/\/senmermer.com.tr\/wp-content\/uploads\/2022\/06\/fancy-img-2-1-11x12.jpg 11w\" data-sizes=\"(max-width: 840px) 100vw, 840px\" data-aspect=\"0.92105263157895\" \/>\t\t\t\t\t\t\t\t\t\t\t\t\t\t\t\t\t\t\t\t\t\t\t\t\t\t\t\t\t\t\t\t\t\t\t\t\t\t\t\t\t\t\t\t\t\t\t<\/figure>\n\n\t\t\t\t<\/div>\n\t\t\t<\/div>\n\n\t\t\t\t\t\t<\/div>\n\t\t\t\t<\/div>\n\t\t\t\t\t<\/div>\n\t\t<\/div>\n\t\t\t\t<div class=\"elementor-column elementor-col-50 elementor-top-column elementor-element elementor-element-72b1dab\" data-id=\"72b1dab\" data-element_type=\"column\" data-e-type=\"column\">\n\t\t\t<div class=\"elementor-widget-wrap elementor-element-populated\">\n\t\t\t\t\t\t<div class=\"elementor-element elementor-element-b538dd7 elementor-widget elementor-widget-hub_fancy_heading\" data-id=\"b538dd7\" data-element_type=\"widget\" data-e-type=\"widget\" data-widget_type=\"hub_fancy_heading.default\">\n\t\t\t\t<div class=\"elementor-widget-container\">\n\t\t\t\t\t\n\t\t<div id=\"ld-fancy-heading-69d2d1f8e126e\" class=\"ld-fancy-heading pos-rel\">\n\t\t\t<h2 class=\"ld-fh-element d-inline-block pos-rel  elementor-heading-title lqd-highlight-classic lqd-highlight-grow-left lqd-highlight-reset-onhover h2\"  > Fark Yaratan Y\u00f6nlerimiz\n<\/h2>\t\t<\/div>\n\n\t\t\t\t\t\t<\/div>\n\t\t\t\t<\/div>\n\t\t\t\t<div class=\"elementor-element elementor-element-cbfa181 elementor-align-left elementor-widget elementor-widget-ld_icon_box\" data-id=\"cbfa181\" data-element_type=\"widget\" data-e-type=\"widget\" data-widget_type=\"ld_icon_box.default\">\n\t\t\t\t<div class=\"elementor-widget-container\">\n\t\t\t\t\t\n\t\t\t<div id=\"ld_icon_box_cbfa181\" class=\"iconbox d-flex flex-grow-1 pos-rel iconbox-side\"   >\n\n\t\t\t\t\n\t\t\t\t<div class=\"iconbox-icon-wrap  \"><div class=\"iconbox-icon-container d-inline-flex   \"><img decoding=\"async\" src=\"\" class=\"lqd-image-icon\" \/><\/div><\/div>\n\t\t\t\t\n\t\t\t\t<div class=\"contents \">\n\t\t\t\t\n\t\t\t\t\t\t\t\t<p class=\"lqd-iconbox-content\">\t\u2022\tProjeye \u00f6zel tasar\u0131m, kesim ve uygulama s\u00fcre\u00e7leri<br>\n\t\u2022\tZengin ta\u015f \u00e7e\u015fitlili\u011fi (Traverten, andezit, bazalt vb. dahil)<br>\n\t\u2022\tTeknik dan\u0131\u015fmanl\u0131k ve uzun \u00f6m\u00fcrl\u00fc \u00e7\u00f6z\u00fcm \u00f6nerileri<br>\n\t\u2022\tGeleneksel ustal\u0131k ile modern tasar\u0131m\u0131 birle\u015ftiren i\u015f\u00e7ilik<\/p>\n\t\t\t\t\n\t\t\t\t<\/div>\n\t\t\t\t\n\t\t\t<\/div>\n\n\t\t\t\t\t\t<\/div>\n\t\t\t\t<\/div>\n\t\t\t\t<div class=\"elementor-element elementor-element-547e585 elementor-align-left elementor-widget elementor-widget-ld_icon_box\" data-id=\"547e585\" data-element_type=\"widget\" data-e-type=\"widget\" data-widget_type=\"ld_icon_box.default\">\n\t\t\t\t<div class=\"elementor-widget-container\">\n\t\t\t\t\t\n\t\t\t<div id=\"ld_icon_box_547e585\" class=\"iconbox d-flex flex-grow-1 pos-rel iconbox-side\"   >\n\n\t\t\t\t\n\t\t\t\t<div class=\"iconbox-icon-wrap  \"><div class=\"iconbox-icon-container d-inline-flex   \"><img decoding=\"async\" src=\"\" class=\"lqd-image-icon\" \/><\/div><\/div>\n\t\t\t\t\n\t\t\t\t<div class=\"contents \">\n\t\t\t\t\n\t\t\t\t<h3 class=\"lqd-iconbox-heading\" >Uygulama S\u00fcrecimiz\n <\/h3>\t\t\t\t<p class=\"lqd-iconbox-content\">1.\tYerinde Ke\u015fif ve Dan\u0131\u015fmanl\u0131k<br>\n\t2.\tTasar\u0131m ve Malzeme Se\u00e7imi<br>\n\t3.\tKesim, \u0130\u015fleme ve Uygulama<\/p>\n\t\t\t\t\n\t\t\t\t<\/div>\n\t\t\t\t\n\t\t\t<\/div>\n\n\t\t\t\t\t\t<\/div>\n\t\t\t\t<\/div>\n\t\t\t\t\t<\/div>\n\t\t<\/div>\n\t\t\t\t\t<\/div>\n\t\t<\/section>\n\t\t\t\t<section class=\"elementor-section elementor-top-section elementor-element elementor-element-32bc451 elementor-section-boxed elementor-section-height-default elementor-section-height-default\" data-id=\"32bc451\" data-element_type=\"section\" data-e-type=\"section\">\n\t\t\t\t\t\t<div class=\"elementor-container elementor-column-gap-default\">\n\t\t\t\t\t<div class=\"elementor-column elementor-col-100 elementor-top-column elementor-element elementor-element-16a5587\" data-id=\"16a5587\" data-element_type=\"column\" data-e-type=\"column\">\n\t\t\t<div class=\"elementor-widget-wrap elementor-element-populated\">\n\t\t\t\t\t\t<div class=\"elementor-element elementor-element-f0c04ba elementor-widget elementor-widget-hub_fancy_heading lqd-el-has-inner-anim\" data-id=\"f0c04ba\" data-element_type=\"widget\" data-e-type=\"widget\" data-settings=\"{&quot;enable_split&quot;:&quot;true&quot;,&quot;split_type&quot;:&quot;lines&quot;}\" data-widget_type=\"hub_fancy_heading.default\">\n\t\t\t\t<div class=\"elementor-widget-container\">\n\t\t\t\t\t\n\t\t<div id=\"ld-fancy-heading-69d2d1f8e3860\" class=\"ld-fancy-heading pos-rel\">\n\t\t\t<h3 class=\"ld-fh-element d-inline-block pos-rel  elementor-heading-title lqd-highlight-classic lqd-highlight-grow-left lqd-split-lines h3\"  data-split-text=\"true\" data-split-options='{\"type\":\"lines\"}'> Ta\u015fla Sanat\u0131 Bulu\u015ftural\u0131m<\/h3>\t\t<\/div>\n\n\t\t\t\t\t\t<\/div>\n\t\t\t\t<\/div>\n\t\t\t\t<div class=\"elementor-element elementor-element-4187c9b elementor-widget elementor-widget-hub_fancy_heading lqd-el-has-inner-anim\" data-id=\"4187c9b\" data-element_type=\"widget\" data-e-type=\"widget\" data-settings=\"{&quot;enable_split&quot;:&quot;true&quot;,&quot;split_type&quot;:&quot;lines&quot;}\" data-widget_type=\"hub_fancy_heading.default\">\n\t\t\t\t<div class=\"elementor-widget-container\">\n\t\t\t\t\t\n\t\t<div id=\"ld-fancy-heading-69d2d1f8e3f4f\" class=\"ld-fancy-heading pos-rel\">\n\t\t\t<p class=\"ld-fh-element d-inline-block pos-rel  lqd-highlight-classic lqd-highlight-grow-left lqd-split-lines p\"  data-split-text=\"true\" data-split-options='{\"type\":\"lines\"}'> Yap\u0131lar\u0131n\u0131zda do\u011fal ta\u015f\u0131n zarafetini ustal\u0131kla birle\u015ftirelim. Projeniz i\u00e7in \u00f6zel \u00e7\u00f6z\u00fcmler sunmam\u0131z\u0131 ister misiniz?\n<\/p>\t\t<\/div>\n\n\t\t\t\t\t\t<\/div>\n\t\t\t\t<\/div>\n\t\t\t\t<div class=\"elementor-element elementor-element-4f3cb15 elementor-widget elementor-widget-ld_button\" data-id=\"4f3cb15\" data-element_type=\"widget\" data-e-type=\"widget\" data-widget_type=\"ld_button.default\">\n\t\t\t\t<div class=\"elementor-widget-container\">\n\t\t\t\t\t\n\t\t<a  href=\"#modal-5994\" class=\"elementor-button btn align-items-center justify-content-center pos-rel overflow-hidden ws-nowrap btn-solid btn-hover-txt-liquid-y-alt btn-has-label btn-extended-lines\" data-lqd-lity=\"#modal-5994\" >\n\t\t\t\t\t\t\t<span class=\"btn-txt d-block pos-rel z-index-3\"  data-text=\"\u0130leti\u015fim\" data-split-text=\"true\" data-split-options='{\"type\": \"chars, words\"}'>\n\t\t\t\t\t\t\t\t\t\t\t\u0130leti\u015fim\t\t\t\t\t\t\t\t\t<\/span>\n\t\t\t\t\t\t\t\t\t\t\t\t<i class=\"btn-extended-line btn-extended-line-tl d-inline-block pos-abs pointer-events-none\"><\/i>\n\t\t\t\t\t\t\t\t\t\t\t<i class=\"btn-extended-line btn-extended-line-tr d-inline-block pos-abs pointer-events-none\"><\/i>\n\t\t\t\t\t\t\t\t\t\t\t<i class=\"btn-extended-line btn-extended-line-br d-inline-block pos-abs pointer-events-none\"><\/i>\n\t\t\t\t\t\t\t\t\t\t\t<i class=\"btn-extended-line btn-extended-line-bl d-inline-block pos-abs pointer-events-none\"><\/i>\n\t\t\t\t\t\t\t<\/a>\n\n\t\t\t\t\t\t<\/div>\n\t\t\t\t<\/div>\n\t\t\t\t<div class=\"elementor-element elementor-element-510263d elementor-widget elementor-widget-ld_modal_window\" data-id=\"510263d\" data-element_type=\"widget\" data-e-type=\"widget\" data-settings=\"{&quot;modal&quot;:&quot;84&quot;}\" data-widget_type=\"ld_modal_window.default\">\n\t\t\t\t<div class=\"elementor-widget-container\">\n\t\t\t\t\t\t\t\n\n\t\t\t\t<div id=\"modal-84\" class=\"lqd-modal lqd-lity-hide\" data-modal-type=\"fullscreen\">\n\t\t\n\t\t\t<div class=\"lqd-modal-inner\">\n\t\t\t\t<div class=\"lqd-modal-content\">\n\t\t\t\t\t\t\t\t\t<\/div>\n\t\t\t<\/div>\n\n\t\t<\/div>\n\n\t\t\t\t\t\t<\/div>\n\t\t\t\t<\/div>\n\t\t\t\t\t<\/div>\n\t\t<\/div>\n\t\t\t\t\t<\/div>\n\t\t<\/section>\n\t\t\t\t<\/div>\n\t\t","protected":false},"excerpt":{"rendered":"<p>Estetik ve Dayan\u0131kl\u0131l\u0131\u011f\u0131n Bulu\u015fma Noktas\u0131 Do\u011fal ta\u015f, yap\u0131lar\u0131n\u0131z\u0131 yaln\u0131zca g\u00fczelle\u015ftirmez, ayn\u0131 zamanda onlara de\u011fer ve uzun \u00f6m\u00fcr kazand\u0131r\u0131r. \u015een Mermer olarak, y\u0131llar\u0131n verdi\u011fi ustal\u0131kla mermer, granit, mozaik ve di\u011fer do\u011fal ta\u015f \u00e7e\u015fitlerini projelere \u00f6zel tasarlay\u0131p uygular\u0131z. Hizmet Alanlar\u0131m\u0131z Zemin D\u00f6\u015feme \u0130\u00e7 ve d\u0131\u015f mekanlar i\u00e7in kaymaz, dayan\u0131kl\u0131 ve \u015f\u0131k y\u00fczeyler Duvar Kaplama Estetik, do\u011fal g\u00f6r\u00fcn\u00fcm [&hellip;]<\/p>\n","protected":false},"author":1,"featured_media":0,"parent":0,"menu_order":0,"comment_status":"closed","ping_status":"closed","template":"","meta":{"footnotes":""},"class_list":["post-6168","page","type-page","status-publish","hentry"],"_links":{"self":[{"href":"https:\/\/senmermer.com.tr\/en\/wp-json\/wp\/v2\/pages\/6168","targetHints":{"allow":["GET"]}}],"collection":[{"href":"https:\/\/senmermer.com.tr\/en\/wp-json\/wp\/v2\/pages"}],"about":[{"href":"https:\/\/senmermer.com.tr\/en\/wp-json\/wp\/v2\/types\/page"}],"author":[{"embeddable":true,"href":"https:\/\/senmermer.com.tr\/en\/wp-json\/wp\/v2\/users\/1"}],"replies":[{"embeddable":true,"href":"https:\/\/senmermer.com.tr\/en\/wp-json\/wp\/v2\/comments?post=6168"}],"version-history":[{"count":7,"href":"https:\/\/senmermer.com.tr\/en\/wp-json\/wp\/v2\/pages\/6168\/revisions"}],"predecessor-version":[{"id":6573,"href":"https:\/\/senmermer.com.tr\/en\/wp-json\/wp\/v2\/pages\/6168\/revisions\/6573"}],"wp:attachment":[{"href":"https:\/\/senmermer.com.tr\/en\/wp-json\/wp\/v2\/media?parent=6168"}],"curies":[{"name":"wp","href":"https:\/\/api.w.org\/{rel}","templated":true}]}}